{"id":68,"date":"2022-03-16T07:31:56","date_gmt":"2022-03-16T06:31:56","guid":{"rendered":"https:\/\/www.ulrike-schneiberg.com\/couple-therapy-eft\/"},"modified":"2025-10-22T10:56:23","modified_gmt":"2025-10-22T08:56:23","slug":"couple-therapy-eft","status":"publish","type":"page","link":"https:\/\/www.ulrike-schneiberg.com\/en\/couple-therapy-eft\/","title":{"rendered":"Couple Therapy (EFT)"},"content":{"rendered":"<p>[et_pb_section fb_built=&#8221;1&#8243; module_class=&#8221;vertical-align&#8221; _builder_version=&#8221;4.16&#8243; _module_preset=&#8221;default&#8221; background_enable_image=&#8221;off&#8221; global_colors_info=&#8221;{}&#8221;][et_pb_row column_structure=&#8221;1_2,1_2&#8243; _builder_version=&#8221;4.27.4&#8243; _module_preset=&#8221;default&#8221; animation_direction=&#8221;top&#8221; global_colors_info=&#8221;{}&#8221;][et_pb_column type=&#8221;1_2&#8243; _builder_version=&#8221;4.27.4&#8243; _module_preset=&#8221;default&#8221; animation_direction=&#8221;top&#8221; global_colors_info=&#8221;{}&#8221;][et_pb_text _builder_version=&#8221;4.16&#8243; _module_preset=&#8221;default&#8221; text_font=&#8221;||||||||&#8221; text_text_color=&#8221;#5e5ea7&#8243; text_line_height=&#8221;1.6em&#8221; global_colors_info=&#8221;{}&#8221;]<\/p>\n<p>Couple Therapy (EFT)<\/p>\n<p>[\/et_pb_text][et_pb_text _builder_version=&#8221;4.16&#8243; _module_preset=&#8221;default&#8221; header_font=&#8221;||||||||&#8221; header_text_color=&#8221;#5e5ea7&#8243; header_font_size=&#8221;40px&#8221; header_line_height=&#8221;1.3em&#8221; header_font_size_tablet=&#8221;40px&#8221; header_font_size_phone=&#8221;25px&#8221; header_font_size_last_edited=&#8221;on|phone&#8221; global_colors_info=&#8221;{}&#8221;]<\/p>\n<h1 class=\"font-first-heading mb-4\">Connection<br \/>with the other<\/h1>\n<p>[\/et_pb_text][et_pb_text _builder_version=&#8221;4.16&#8243; _module_preset=&#8221;default&#8221; text_font=&#8221;||||||||&#8221; text_text_color=&#8221;#5e5ea7&#8243; text_font_size=&#8221;20px&#8221; text_line_height=&#8221;1.6em&#8221; text_font_size_tablet=&#8221;20px&#8221; text_font_size_phone=&#8221;17px&#8221; text_font_size_last_edited=&#8221;on|phone&#8221; global_colors_info=&#8221;{}&#8221;]<\/p>\n<p><span class=\"s1\">Strengthening love relationships in the EFT couple therapy. Establishing comfort and security and rediscovering love.<\/span><\/p>\n<p>[\/et_pb_text][\/et_pb_column][et_pb_column type=&#8221;1_2&#8243; _builder_version=&#8221;4.27.4&#8243; _module_preset=&#8221;default&#8221; animation_direction=&#8221;bottom&#8221; global_colors_info=&#8221;{}&#8221;][et_pb_image src=&#8221;https:\/\/www.ulrike-schneiberg.com\/wp-content\/uploads\/2022\/03\/Paartherapie.jpg&#8221; title_text=&#8221;Paartherapie&#8221; _builder_version=&#8221;4.16&#8243; _module_preset=&#8221;default&#8221; global_colors_info=&#8221;{}&#8221;][\/et_pb_image][\/et_pb_column][\/et_pb_row][\/et_pb_section][et_pb_section fb_built=&#8221;1&#8243; _builder_version=&#8221;4.16&#8243; _module_preset=&#8221;default&#8221; background_color=&#8221;#d2d2e6&#8243; custom_padding=&#8221;80px||80px||true|false&#8221; global_colors_info=&#8221;{}&#8221;][et_pb_row _builder_version=&#8221;4.27.4&#8243; _module_preset=&#8221;default&#8221; animation_direction=&#8221;top&#8221; global_colors_info=&#8221;{}&#8221;][et_pb_column type=&#8221;4_4&#8243; _builder_version=&#8221;4.16&#8243; _module_preset=&#8221;default&#8221; global_colors_info=&#8221;{}&#8221;][et_pb_image src=&#8221;https:\/\/www.ulrike-schneiberg.com\/wp-content\/uploads\/2022\/03\/01_Paartherapie.svg&#8221; title_text=&#8221;01_Paartherapie&#8221; align=&#8221;center&#8221; _builder_version=&#8221;4.16&#8243; _module_preset=&#8221;default&#8221; global_colors_info=&#8221;{}&#8221;][\/et_pb_image][et_pb_text _builder_version=&#8221;4.16&#8243; _module_preset=&#8221;default&#8221; text_font=&#8221;||||||||&#8221; text_text_color=&#8221;#5e5ea7&#8243; text_font_size=&#8221;30px&#8221; text_line_height=&#8221;1.6em&#8221; text_orientation=&#8221;center&#8221; text_font_size_tablet=&#8221;20px&#8221; text_font_size_phone=&#8221;14px&#8221; text_font_size_last_edited=&#8221;on|phone&#8221; global_colors_info=&#8221;{}&#8221;]<\/p>\n<p><span><\/span><span>\u25ca Recognizing common patterns<br \/>\u25ca Learning to see the other\u2019s perspective<br \/>\u25ca Developing courage in opening to each other from within<\/span><\/p>\n<p>[\/et_pb_text][\/et_pb_column][\/et_pb_row][\/et_pb_section][et_pb_section fb_built=&#8221;1&#8243; _builder_version=&#8221;4.16&#8243; _module_preset=&#8221;default&#8221; background_enable_color=&#8221;off&#8221; custom_padding=&#8221;||100px||false|false&#8221; locked=&#8221;off&#8221; global_colors_info=&#8221;{}&#8221;][et_pb_row _builder_version=&#8221;4.27.4&#8243; _module_preset=&#8221;default&#8221; width=&#8221;55%&#8221; width_tablet=&#8221;80%&#8221; width_phone=&#8221;80%&#8221; width_last_edited=&#8221;on|tablet&#8221; animation_direction=&#8221;top&#8221; global_colors_info=&#8221;{}&#8221;][et_pb_column type=&#8221;4_4&#8243; _builder_version=&#8221;4.16&#8243; _module_preset=&#8221;default&#8221; global_colors_info=&#8221;{}&#8221;][et_pb_text _builder_version=&#8221;4.16&#8243; _module_preset=&#8221;default&#8221; header_font=&#8221;||||||||&#8221; header_text_color=&#8221;#5e5ea7&#8243; header_3_font=&#8221;||||||||&#8221; header_3_text_color=&#8221;#5e5ea7&#8243; header_3_font_size=&#8221;30px&#8221; header_font_size_tablet=&#8221;40px&#8221; header_font_size_phone=&#8221;25px&#8221; header_font_size_last_edited=&#8221;on|phone&#8221; header_3_font_size_tablet=&#8221;30px&#8221; header_3_font_size_phone=&#8221;22px&#8221; header_3_font_size_last_edited=&#8221;on|phone&#8221; global_colors_info=&#8221;{}&#8221;]<\/p>\n<h3 class=\"font-second-heading mb-5\">What is EFT and how does it work?<\/h3>\n<p>[\/et_pb_text][\/et_pb_column][\/et_pb_row][et_pb_row column_structure=&#8221;1_2,1_2&#8243; use_custom_gutter=&#8221;on&#8221; _builder_version=&#8221;4.27.4&#8243; _module_preset=&#8221;default&#8221; width=&#8221;55%&#8221; width_tablet=&#8221;80%&#8221; width_phone=&#8221;80%&#8221; width_last_edited=&#8221;on|tablet&#8221; animation_direction=&#8221;top&#8221; global_colors_info=&#8221;{}&#8221;][et_pb_column type=&#8221;1_2&#8243; _builder_version=&#8221;4.16&#8243; _module_preset=&#8221;default&#8221; global_colors_info=&#8221;{}&#8221;][et_pb_text _builder_version=&#8221;4.16&#8243; _module_preset=&#8221;default&#8221; text_font=&#8221;||||||||&#8221; text_text_color=&#8221;#5e5ea7&#8243; text_font_size=&#8221;16px&#8221; text_line_height=&#8221;1.6em&#8221; custom_margin=&#8221;||||false|false&#8221; custom_padding=&#8221;||||false|false&#8221; text_font_size_tablet=&#8221;16px&#8221; text_font_size_phone=&#8221;14px&#8221; text_font_size_last_edited=&#8221;on|phone&#8221; global_colors_info=&#8221;{}&#8221;]<\/p>\n<p class=\"p1\"><span class=\"s1\">A good partnership means feeling safe and connected. Both of these feelings can get lost over time. It can begin to feel like you are stuck together in a negative spiral of reproach and attack, defense and retreat. With each twist of the spiral, energy, strength and joy disappear.<\/span><\/p>\n<p class=\"p1\"><span class=\"s1\"><strong>Emotionally Focused Couple Therapy (EFT)<\/strong> can stop the negative spiral and start a new, positive cycle. It is one of the most researched and effective modern couple therapy methods. As a student of the Canadian EFT founder Sue Johnson, I belong to the growing group of EFT couple therapists in Germany. In EFT, you can experience that it is not the other that is the \u201cbad guy\u201d, but your common pattern is. It is possible to break it when both begin to feel their often deeply hidden and vulnerable sides, and become more courageous in showing these sides the other. To open up to each other is to meet anew. The sense of connectedness and security can grow again. Love is back in the room.<\/span><\/p>\n<p class=\"p1\"><span class=\"s1\"><\/span><\/p>\n<p>[\/et_pb_text][\/et_pb_column][et_pb_column type=&#8221;1_2&#8243; _builder_version=&#8221;4.16&#8243; _module_preset=&#8221;default&#8221; global_colors_info=&#8221;{}&#8221;][et_pb_text _builder_version=&#8221;4.16&#8243; _module_preset=&#8221;default&#8221; text_font=&#8221;||||||||&#8221; text_text_color=&#8221;#5e5ea7&#8243; text_font_size=&#8221;16px&#8221; text_line_height=&#8221;1.6em&#8221; text_font_size_tablet=&#8221;16px&#8221; text_font_size_phone=&#8221;14px&#8221; text_font_size_last_edited=&#8221;on|phone&#8221; global_colors_info=&#8221;{}&#8221;]<\/p>\n<p><span class=\"s1\">Why do I find couple therapy so helpful and ingenious? The answer comes from the philosopher Martin Buber, who said, a person only becomes a self through encountering the other. \u00a0It means, our partner acts like a mirror and that allows both to grow. <\/span><\/p>\n<p><span class=\"s1\">Sometimes couples come to the common conclusion that their path is coming to an end. Separation can help letting go of the other without resentment, valuing the good of the time together, and giving space the sorrow of loss. A good separation helps the former partners to go their own way in a positive and powerful way. And it helps children stay connected with mother and father as supportive and strong parents.<\/span><\/p>\n<p class=\"p1\"><span class=\"s1\">An EFT couple session lasts 90 minutes. Especially in the beginning regular sessions (once a week or at least once every two weeks) are essential to support the process.<\/span><\/p>\n<p class=\"p1\"><span class=\"s1\">Couple therapy is not funded by health insurances.<\/span><\/p>\n<p>[\/et_pb_text][\/et_pb_column][\/et_pb_row][et_pb_row _builder_version=&#8221;4.27.4&#8243; _module_preset=&#8221;default&#8221; width=&#8221;55%&#8221; width_tablet=&#8221;80%&#8221; width_phone=&#8221;80%&#8221; width_last_edited=&#8221;on|tablet&#8221; animation_direction=&#8221;top&#8221; global_colors_info=&#8221;{}&#8221;][et_pb_column type=&#8221;4_4&#8243; _builder_version=&#8221;4.16&#8243; _module_preset=&#8221;default&#8221; global_colors_info=&#8221;{}&#8221;][et_pb_video src=&#8221;https:\/\/youtu.be\/Gey0cOjNsIE&#8221; _builder_version=&#8221;4.16&#8243; _module_preset=&#8221;default&#8221; global_colors_info=&#8221;{}&#8221;][\/et_pb_video][et_pb_text _builder_version=&#8221;4.16&#8243; _module_preset=&#8221;default&#8221; text_font=&#8221;||||||||&#8221; text_text_color=&#8221;#5e5ea7&#8243; text_line_height=&#8221;1.6em&#8221; global_colors_info=&#8221;{}&#8221;]<\/p>\n<p><span>EFT in one minute (DE)<br \/><\/span><\/p>\n<p>[\/et_pb_text][et_pb_video src=&#8221;https:\/\/www.youtube.com\/watch?v=fe-YjgBiVBo&#8221; image_src=&#8221;https:\/\/www.ulrike-schneiberg.com\/wp-content\/uploads\/2022\/11\/Vorschaubild.png&#8221; play_icon_color=&#8221;#FFFFFF&#8221; _builder_version=&#8221;4.18.1&#8243; _module_preset=&#8221;default&#8221; global_colors_info=&#8221;{}&#8221;][\/et_pb_video][et_pb_text _builder_version=&#8221;4.16&#8243; _module_preset=&#8221;default&#8221; text_font=&#8221;||||||||&#8221; text_text_color=&#8221;#5e5ea7&#8243; text_line_height=&#8221;1.6em&#8221; global_colors_info=&#8221;{}&#8221;]<\/p>\n<p><span>All about EFT (DE)<br \/><\/span><\/p>\n<p>[\/et_pb_text][\/et_pb_column][\/et_pb_row][et_pb_row _builder_version=&#8221;4.16&#8243; _module_preset=&#8221;default&#8221; global_colors_info=&#8221;{}&#8221;][et_pb_column type=&#8221;4_4&#8243; _builder_version=&#8221;4.16&#8243; _module_preset=&#8221;default&#8221; global_colors_info=&#8221;{}&#8221;][et_pb_icon font_icon=&#8221;&#xf167;||fa||400&#8243; icon_color=&#8221;RGBA(240,118,87,0.6)&#8221; icon_width=&#8221;158px&#8221; _builder_version=&#8221;4.27.4&#8243; _module_preset=&#8221;default&#8221; hover_enabled=&#8221;0&#8243; global_colors_info=&#8221;{}&#8221; url=&#8221;https:\/\/www.youtube.com\/channel\/UC5rKVhQH_Gk9z1xkUcQLijg&#8221; url_new_window=&#8221;on&#8221; sticky_enabled=&#8221;0&#8243;][\/et_pb_icon][et_pb_text _builder_version=&#8221;4.27.4&#8243; _module_preset=&#8221;default&#8221; text_font=&#8221;||||||||&#8221; text_text_color=&#8221;RGBA(255,255,255,0)&#8221; text_font_size=&#8221;20px&#8221; text_line_height=&#8221;1.6em&#8221; link_font=&#8221;||||on|||#F07657|&#8221; link_text_color=&#8221;#F07657&#8243; text_orientation=&#8221;center&#8221; link_option_url_new_window=&#8221;on&#8221; text_font_size_tablet=&#8221;20px&#8221; text_font_size_phone=&#8221;15px&#8221; text_font_size_last_edited=&#8221;on|phone&#8221; global_colors_info=&#8221;{}&#8221; content__hover_enabled=&#8221;off|desktop&#8221; content__hover=&#8221;<\/p>\n<p><span style=%22text-decoration: underline;%22><a href=%22https:\/\/www.youtube.com\/channel\/UC5rKVhQH_Gk9z1xkUcQLijg%22>Ausf\u00fchrliche Gespr\u00e4che \u00fcber EFT auf meinem YouTube Kanal<\/a><\/span><\/p>\n<p>&#8221; link_text_color__hover_enabled=&#8221;off|hover&#8221; link_text_color__hover=&#8221;#F07657&#8243;]<\/p>\n<p><a href=\"https:\/\/www.youtube.com\/channel\/UC5rKVhQH_Gk9z1xkUcQLijg\" target=\"_blank\" rel=\"noopener\">Talk in detail about EFT on my YouTube channel<\/a><\/p>\n<p>[\/et_pb_text][\/et_pb_column][\/et_pb_row][\/et_pb_section][et_pb_section fb_built=&#8221;1&#8243; _builder_version=&#8221;4.16&#8243; _module_preset=&#8221;default&#8221; global_colors_info=&#8221;{}&#8221;][et_pb_row _builder_version=&#8221;4.27.4&#8243; _module_preset=&#8221;default&#8221; global_colors_info=&#8221;{}&#8221;][et_pb_column type=&#8221;4_4&#8243; _builder_version=&#8221;4.16&#8243; _module_preset=&#8221;default&#8221; global_colors_info=&#8221;{}&#8221;][et_pb_text _builder_version=&#8221;4.16&#8243; _module_preset=&#8221;default&#8221; text_text_color=&#8221;#4D2D7F&#8221; text_font_size=&#8221;16px&#8221; global_colors_info=&#8221;{}&#8221;]<\/p>\n<p style=\"text-align: justify;\"><em>&#8220;We are so grateful that we found Ulrike. The best investment in our relationship! She helped us become close again during a very challenging time after the birth of our son. Together we illuminated our pattern of arguments and went to the roots of our individual triggers with her. Ulrike is a real master in her field. She guides us through the conversations with a lot of empathy, understanding and skill, so that we both always feel understood and safe. We now understand each other much better and, despite a hectic everyday life, are once again leaning on a happy, strong foundation. We recommend Ulrike 1000%!&#8221;<\/em><\/p>\n<p style=\"text-align: justify;\">Christine &amp; Javier<\/p>\n<p>[\/et_pb_text][\/et_pb_column][\/et_pb_row][\/et_pb_section]<\/p>\n","protected":false},"excerpt":{"rendered":"<p>Couple Therapy (EFT)Connectionwith the otherStrengthening love relationships in the EFT couple therapy. Establishing comfort and security and rediscovering love.\u25ca Recognizing common patterns\u25ca Learning to see the other\u2019s perspective\u25ca Developing courage in opening to each other from withinWhat is EFT and how does it work?A good partnership means feeling safe and connected. Both of these feelings [&hellip;]<\/p>\n","protected":false},"author":5,"featured_media":0,"parent":0,"menu_order":0,"comment_status":"closed","ping_status":"closed","template":"","meta":{"_et_pb_use_builder":"on","_et_pb_old_content":"","_et_gb_content_width":"","footnotes":""},"class_list":["post-68","page","type-page","status-publish","hentry"],"yoast_head":"<!-- This site is optimized with the Yoast SEO plugin v27.4 - https:\/\/yoast.com\/product\/yoast-seo-wordpress\/ -->\n<title>Couple Therapy (EFT) - Ulrike Schneiberg<\/title>\n<meta name=\"robots\" content=\"index, follow, max-snippet:-1, max-image-preview:large, max-video-preview:-1\" \/>\n<link rel=\"canonical\" href=\"https:\/\/www.ulrike-schneiberg.com\/en\/couple-therapy-eft\/\" \/>\n<meta property=\"og:locale\" content=\"en_US\" \/>\n<meta property=\"og:type\" content=\"article\" \/>\n<meta property=\"og:title\" content=\"Couple Therapy (EFT) - Ulrike Schneiberg\" \/>\n<meta property=\"og:description\" content=\"Couple Therapy (EFT)Connectionwith the otherStrengthening love relationships in the EFT couple therapy. Establishing comfort and security and rediscovering love.\u25ca Recognizing common patterns\u25ca Learning to see the other\u2019s perspective\u25ca Developing courage in opening to each other from withinWhat is EFT and how does it work?A good partnership means feeling safe and connected. Both of these feelings [&hellip;]\" \/>\n<meta property=\"og:url\" content=\"https:\/\/www.ulrike-schneiberg.com\/en\/couple-therapy-eft\/\" \/>\n<meta property=\"og:site_name\" content=\"Ulrike Schneiberg\" \/>\n<meta property=\"article:publisher\" content=\"https:\/\/www.facebook.com\/praxis.ulrikeschneiberg\/\" \/>\n<meta property=\"article:modified_time\" content=\"2025-10-22T08:56:23+00:00\" \/>\n<meta name=\"twitter:card\" content=\"summary_large_image\" \/>\n<meta name=\"twitter:label1\" content=\"Est. reading time\" \/>\n\t<meta name=\"twitter:data1\" content=\"8 minutes\" \/>\n<script type=\"application\/ld+json\" class=\"yoast-schema-graph\">{\"@context\":\"https:\\\/\\\/schema.org\",\"@graph\":[{\"@type\":\"WebPage\",\"@id\":\"https:\\\/\\\/www.ulrike-schneiberg.com\\\/en\\\/couple-therapy-eft\\\/\",\"url\":\"https:\\\/\\\/www.ulrike-schneiberg.com\\\/en\\\/couple-therapy-eft\\\/\",\"name\":\"Couple Therapy (EFT) - Ulrike Schneiberg\",\"isPartOf\":{\"@id\":\"https:\\\/\\\/www.ulrike-schneiberg.com\\\/#website\"},\"datePublished\":\"2022-03-16T06:31:56+00:00\",\"dateModified\":\"2025-10-22T08:56:23+00:00\",\"breadcrumb\":{\"@id\":\"https:\\\/\\\/www.ulrike-schneiberg.com\\\/en\\\/couple-therapy-eft\\\/#breadcrumb\"},\"inLanguage\":\"en-US\",\"potentialAction\":[{\"@type\":\"ReadAction\",\"target\":[\"https:\\\/\\\/www.ulrike-schneiberg.com\\\/en\\\/couple-therapy-eft\\\/\"]}]},{\"@type\":\"BreadcrumbList\",\"@id\":\"https:\\\/\\\/www.ulrike-schneiberg.com\\\/en\\\/couple-therapy-eft\\\/#breadcrumb\",\"itemListElement\":[{\"@type\":\"ListItem\",\"position\":1,\"name\":\"Home\",\"item\":\"https:\\\/\\\/www.ulrike-schneiberg.com\\\/en\\\/\"},{\"@type\":\"ListItem\",\"position\":2,\"name\":\"Couple Therapy (EFT)\"}]},{\"@type\":\"WebSite\",\"@id\":\"https:\\\/\\\/www.ulrike-schneiberg.com\\\/#website\",\"url\":\"https:\\\/\\\/www.ulrike-schneiberg.com\\\/\",\"name\":\"Ulrike Schneiberg\",\"description\":\"Paartherapie \u2022 Modaration \u2022 Coaching\",\"publisher\":{\"@id\":\"https:\\\/\\\/www.ulrike-schneiberg.com\\\/#organization\"},\"potentialAction\":[{\"@type\":\"SearchAction\",\"target\":{\"@type\":\"EntryPoint\",\"urlTemplate\":\"https:\\\/\\\/www.ulrike-schneiberg.com\\\/?s={search_term_string}\"},\"query-input\":{\"@type\":\"PropertyValueSpecification\",\"valueRequired\":true,\"valueName\":\"search_term_string\"}}],\"inLanguage\":\"en-US\"},{\"@type\":\"Organization\",\"@id\":\"https:\\\/\\\/www.ulrike-schneiberg.com\\\/#organization\",\"name\":\"Ulrike Schneiberg\",\"url\":\"https:\\\/\\\/www.ulrike-schneiberg.com\\\/\",\"logo\":{\"@type\":\"ImageObject\",\"inLanguage\":\"en-US\",\"@id\":\"https:\\\/\\\/www.ulrike-schneiberg.com\\\/#\\\/schema\\\/logo\\\/image\\\/\",\"url\":\"https:\\\/\\\/www.ulrike-schneiberg.com\\\/wp-content\\\/uploads\\\/2022\\\/11\\\/Logo-mit-Schriftzug.png\",\"contentUrl\":\"https:\\\/\\\/www.ulrike-schneiberg.com\\\/wp-content\\\/uploads\\\/2022\\\/11\\\/Logo-mit-Schriftzug.png\",\"width\":3333,\"height\":2500,\"caption\":\"Ulrike Schneiberg\"},\"image\":{\"@id\":\"https:\\\/\\\/www.ulrike-schneiberg.com\\\/#\\\/schema\\\/logo\\\/image\\\/\"},\"sameAs\":[\"https:\\\/\\\/www.facebook.com\\\/praxis.ulrikeschneiberg\\\/\",\"https:\\\/\\\/www.youtube.com\\\/channel\\\/UC5rKVhQH_Gk9z1xkUcQLijg\"]}]}<\/script>\n<!-- \/ Yoast SEO plugin. -->","yoast_head_json":{"title":"Couple Therapy (EFT) - Ulrike Schneiberg","robots":{"index":"index","follow":"follow","max-snippet":"max-snippet:-1","max-image-preview":"max-image-preview:large","max-video-preview":"max-video-preview:-1"},"canonical":"https:\/\/www.ulrike-schneiberg.com\/en\/couple-therapy-eft\/","og_locale":"en_US","og_type":"article","og_title":"Couple Therapy (EFT) - Ulrike Schneiberg","og_description":"Couple Therapy (EFT)Connectionwith the otherStrengthening love relationships in the EFT couple therapy. Establishing comfort and security and rediscovering love.\u25ca Recognizing common patterns\u25ca Learning to see the other\u2019s perspective\u25ca Developing courage in opening to each other from withinWhat is EFT and how does it work?A good partnership means feeling safe and connected. Both of these feelings [&hellip;]","og_url":"https:\/\/www.ulrike-schneiberg.com\/en\/couple-therapy-eft\/","og_site_name":"Ulrike Schneiberg","article_publisher":"https:\/\/www.facebook.com\/praxis.ulrikeschneiberg\/","article_modified_time":"2025-10-22T08:56:23+00:00","twitter_card":"summary_large_image","twitter_misc":{"Est. reading time":"8 minutes"},"schema":{"@context":"https:\/\/schema.org","@graph":[{"@type":"WebPage","@id":"https:\/\/www.ulrike-schneiberg.com\/en\/couple-therapy-eft\/","url":"https:\/\/www.ulrike-schneiberg.com\/en\/couple-therapy-eft\/","name":"Couple Therapy (EFT) - Ulrike Schneiberg","isPartOf":{"@id":"https:\/\/www.ulrike-schneiberg.com\/#website"},"datePublished":"2022-03-16T06:31:56+00:00","dateModified":"2025-10-22T08:56:23+00:00","breadcrumb":{"@id":"https:\/\/www.ulrike-schneiberg.com\/en\/couple-therapy-eft\/#breadcrumb"},"inLanguage":"en-US","potentialAction":[{"@type":"ReadAction","target":["https:\/\/www.ulrike-schneiberg.com\/en\/couple-therapy-eft\/"]}]},{"@type":"BreadcrumbList","@id":"https:\/\/www.ulrike-schneiberg.com\/en\/couple-therapy-eft\/#breadcrumb","itemListElement":[{"@type":"ListItem","position":1,"name":"Home","item":"https:\/\/www.ulrike-schneiberg.com\/en\/"},{"@type":"ListItem","position":2,"name":"Couple Therapy (EFT)"}]},{"@type":"WebSite","@id":"https:\/\/www.ulrike-schneiberg.com\/#website","url":"https:\/\/www.ulrike-schneiberg.com\/","name":"Ulrike Schneiberg","description":"Paartherapie \u2022 Modaration \u2022 Coaching","publisher":{"@id":"https:\/\/www.ulrike-schneiberg.com\/#organization"},"potentialAction":[{"@type":"SearchAction","target":{"@type":"EntryPoint","urlTemplate":"https:\/\/www.ulrike-schneiberg.com\/?s={search_term_string}"},"query-input":{"@type":"PropertyValueSpecification","valueRequired":true,"valueName":"search_term_string"}}],"inLanguage":"en-US"},{"@type":"Organization","@id":"https:\/\/www.ulrike-schneiberg.com\/#organization","name":"Ulrike Schneiberg","url":"https:\/\/www.ulrike-schneiberg.com\/","logo":{"@type":"ImageObject","inLanguage":"en-US","@id":"https:\/\/www.ulrike-schneiberg.com\/#\/schema\/logo\/image\/","url":"https:\/\/www.ulrike-schneiberg.com\/wp-content\/uploads\/2022\/11\/Logo-mit-Schriftzug.png","contentUrl":"https:\/\/www.ulrike-schneiberg.com\/wp-content\/uploads\/2022\/11\/Logo-mit-Schriftzug.png","width":3333,"height":2500,"caption":"Ulrike Schneiberg"},"image":{"@id":"https:\/\/www.ulrike-schneiberg.com\/#\/schema\/logo\/image\/"},"sameAs":["https:\/\/www.facebook.com\/praxis.ulrikeschneiberg\/","https:\/\/www.youtube.com\/channel\/UC5rKVhQH_Gk9z1xkUcQLijg"]}]}},"_links":{"self":[{"href":"https:\/\/www.ulrike-schneiberg.com\/en\/wp-json\/wp\/v2\/pages\/68","targetHints":{"allow":["GET"]}}],"collection":[{"href":"https:\/\/www.ulrike-schneiberg.com\/en\/wp-json\/wp\/v2\/pages"}],"about":[{"href":"https:\/\/www.ulrike-schneiberg.com\/en\/wp-json\/wp\/v2\/types\/page"}],"author":[{"embeddable":true,"href":"https:\/\/www.ulrike-schneiberg.com\/en\/wp-json\/wp\/v2\/users\/5"}],"replies":[{"embeddable":true,"href":"https:\/\/www.ulrike-schneiberg.com\/en\/wp-json\/wp\/v2\/comments?post=68"}],"version-history":[{"count":4,"href":"https:\/\/www.ulrike-schneiberg.com\/en\/wp-json\/wp\/v2\/pages\/68\/revisions"}],"predecessor-version":[{"id":1249,"href":"https:\/\/www.ulrike-schneiberg.com\/en\/wp-json\/wp\/v2\/pages\/68\/revisions\/1249"}],"wp:attachment":[{"href":"https:\/\/www.ulrike-schneiberg.com\/en\/wp-json\/wp\/v2\/media?parent=68"}],"curies":[{"name":"wp","href":"https:\/\/api.w.org\/{rel}","templated":true}]}}